{"id":3,"date":"2018-06-27T09:24:34","date_gmt":"2018-06-27T07:24:34","guid":{"rendered":"https:\/\/www.barcelonacrystal.com\/?page_id=3"},"modified":"2020-06-05T14:42:32","modified_gmt":"2020-06-05T12:42:32","slug":"privacidad","status":"publish","type":"page","link":"https:\/\/www.barcelonacrystal.com\/eng\/privacidad\/","title":{"rendered":"PRIVACY POLICY"},"content":{"rendered":"<p>De conformidad con lo dispuesto en la Ley Org\u00e1nica 15\/1999, de Protecci\u00f3n de Datos de Car\u00e1cter Personal (LOPD), su normativa de desarrollo, y la LSSICE 34\/2002, de 11 de julio, de la Sociedad de la Informaci\u00f3n y de Comercio Electr\u00f3nico, en cumplimiento de lo dispuesto en el art. 5 y 6 de la LOPD, informa a todos los usuarios que faciliten o vayan a facilitar sus datos personales que estos ser\u00e1n incorporados en un fichero automatizado que se encuentra debidamente inscrito en la \u201cAgencia Espa\u00f1ola de Protecci\u00f3n de Datos\u201d. El responsable de dicho fichero Orbix Esencial S.L. en adelante (BARCELONA CRYSTAL) con CIF B67014795\u00a0en el domicilio La direcci\u00f3n: <strong>Avenida Mistral, 63, Local 1, 08015 Barcelona<\/strong><\/p>\n<p class=\"p1\"><strong>Activity: Design and reprographics.<\/strong><\/p>\n<p>&nbsp;<\/p>\n<p>RECOGIDA DE DATOS USUARIOS ( FINALIDAD Y CONSENTIMIENTO):<\/p>\n<p>Este Sitio Web proporcionar\u00e1 a los usuarios los recursos t\u00e9cnicos adecuados para que, con car\u00e1cter previo a la cumplimentaci\u00f3n de los datos personales, puedan acceder a esta Pol\u00edtica de Privacidad y a cualquier otra informaci\u00f3n relevante en materia de Protecci\u00f3n de Datos de Car\u00e1cter Personal.<\/p>\n<p>Al hacer \u201cclick\u201d en el bot\u00f3n \u201cEnviar\u201d (o equivalente) incorporado en nuestros formularios, Usted declara que la informaci\u00f3n y los datos que en ellos ha facilitado son exactos y veraces. Para que la informaci\u00f3n facilitada est\u00e9 siempre actualizada y no contenga errores, el Usuario deber\u00e1 comunicar, a la mayor brevedad posible, las modificaciones de sus datos de car\u00e1cter personal que se vayan produciendo, as\u00ed como las rectificaciones de datos err\u00f3neos en caso de que detecte alguno. El Usuario garantiza que los datos aportados son verdaderos, exactos, completos y actualizados, siendo responsable de cualquier da\u00f1o o perjuicio, directo o indirecto, que pudiera ocasionarse como consecuencia del incumplimiento de tal obligaci\u00f3n. En funci\u00f3n del formulario y\/o correo electr\u00f3nico al que usted acceda o remita a trav\u00e9s de esta p\u00e1gina web, la informaci\u00f3n que nos facilite se utilizar\u00e1 para las finalidades descritas a continuaci\u00f3n:<\/p>\n<p>1. Gestionar su consulta, sugerencia o solicitud.<\/p>\n<p>2. Controlar el n\u00famero de solicitudes recibidas y su tipolog\u00eda, as\u00ed como para realizar estad\u00edsticas de uso.<\/p>\n<p>3. Gestionar peticiones de acceso a los servicios suministrados a trav\u00e9s de la Extranet dirigidos a empresas, aut\u00f3nomos, colaboradores y proveedores.<\/p>\n<p>4. Conocer y\/o participar en futuras convocatorias de puestos de trabajo de BARCELONA CRYSTAL<\/p>\n<p>5. Remitir informaci\u00f3n peri\u00f3dica sobre servicios a los que Usted est\u00e1 inscrito.<\/p>\n<p>6. Remitirle comunicaciones comerciales publicitarias por e-mail, fax, SMS, MMS, comunidades sociales o cualesquier otro medio electr\u00f3nico o f\u00edsico, que posibilite realizar comunicaci\u00f3n comerciales. Dichas comunicaciones comerciales ser\u00e1n relacionadas sobre productos o servicios ofrecidos por BARCELONA CRYSTAL, as\u00ed como por parte de los colaboradores o \u201cpartners\u201d con los que \u00e9ste hubiera alcanzado alg\u00fan acuerdo de promoci\u00f3n comercial entre sus clientes. En este caso, los terceros nunca tendr\u00e1n acceso a los datos personales. En todo caso las comunicaciones comerciales ser\u00e1n realizadas por parte de BARCELONA CRYSTAL, y ser\u00e1n de productos y servicios relacionados con el sector de BARCELONA CRYSTAL<\/p>\n<p>En el caso de que los datos aportados pertenecieran a un tercero, el Usuario garantiza que ha informado a dicho tercero y obtenido su autorizaci\u00f3n anticipada para facilitar sus datos a BARCELONA CRYSTAL En este sentido, es su responsabilidad informar de tal circunstancia a los terceros cuyos datos nos va a ceder.<\/p>\n<p>En cumplimiento de la LSSI-CE 34\/2002, de 11 de julio, de la Sociedad de la Informaci\u00f3n y de Comercio Electr\u00f3nico, le informamos que podr\u00e1 en cualquier momento revocar el consentimiento prestado para el envi\u00f3 de estas comunicaciones comerciales enviando un correo electr\u00f3nico a :info@barcelonacrystal.com<\/p>\n<p>REDES SOCIALES<\/p>\n<p>Al hacerse el Usuario seguidor de los perfiles de BARCELONA CRYSTAL, en las redes sociales de este Sitio Web consiente el tratamiento de sus datos personales dentro del entorno de estas redes sociales en cumplimiento de las condiciones y pol\u00edticas de las mismas.<\/p>\n<p>MEDIDAS DE SEGURIDAD<\/p>\n<p>Del mismo modo, BARCELONA CRYSTAL, le comunica que ha adoptado todas las medidas t\u00e9cnicas y de organizaci\u00f3n necesaria para garantizar la seguridad e integridad de los datos de car\u00e1cter personal que trate, as\u00ed como para evitar su p\u00e9rdida, alteraci\u00f3n y\/o acceso por parte de terceros no autorizados.No obstante lo anterior, el usuario reconoce y acepta que las medidas de seguridad en Internet no son inexpugnables.<\/p>\n<p>EJERCICIO DE DERECHOS<\/p>\n<p>Si Ud. desea ejercer sus derechos de acceso, rectificaci\u00f3n, cancelaci\u00f3n u oposici\u00f3n podr\u00e1 hacerlo mediante comunicaci\u00f3n dirigida a:<\/p>\n<p>BARCELONA CRYSTAL<\/p>\n<p>Para que podamos atender correctamente el ejercicio de sus derechos, su solicitud deber\u00e1 ir acompa\u00f1ada de: fotocopia del DNI, petici\u00f3n en que se concreta su solicitud, direcci\u00f3n a efectos de notificaciones, fecha y firma del solicitante y los documentos acreditativos de la petici\u00f3n, en su caso.<\/p>","protected":false},"excerpt":{"rendered":"<p>De conformidad con lo dispuesto en la Ley Org\u00e1nica 15\/1999, de Protecci\u00f3n de Datos de Car\u00e1cter Personal (LOPD), su normativa de desarrollo, y la LSSICE 34\/2002, de 11 de julio, de la Sociedad de la Informaci\u00f3n y de Comercio Electr\u00f3nico, en cumplimiento de lo dispuesto en el art. 5 y 6 de la LOPD, informa [&hellip;]<\/p>\n","protected":false},"author":6,"featured_media":0,"parent":0,"menu_order":0,"comment_status":"closed","ping_status":"open","template":"","meta":{"_joinchat":[],"footnotes":""},"class_list":["post-3","page","type-page","status-publish","hentry"],"yoast_head":"<!-- This site is optimized with the Yoast SEO plugin v27.3 - https:\/\/yoast.com\/product\/yoast-seo-wordpress\/ -->\n<title>POL\u00cdTICA DE PRIVACIDAD<\/title>\n<meta name=\"description\" content=\"De conformidad con lo dispuesto en la Ley Org\u00e1nica 15\/1999, de Protecci\u00f3n de Datos de Car\u00e1cter Personal (LOPD), su normativa de desarrollo, y la LSSICE\" \/>\n<meta name=\"robots\" content=\"index, follow, max-snippet:-1, max-image-preview:large, max-video-preview:-1\" \/>\n<link rel=\"canonical\" href=\"https:\/\/www.barcelonacrystal.com\/eng\/privacidad\/\" \/>\n<meta property=\"og:locale\" content=\"en_GB\" \/>\n<meta property=\"og:type\" content=\"article\" \/>\n<meta property=\"og:title\" content=\"POL\u00cdTICA DE PRIVACIDAD\" \/>\n<meta property=\"og:description\" content=\"De conformidad con lo dispuesto en la Ley Org\u00e1nica 15\/1999, de Protecci\u00f3n de Datos de Car\u00e1cter Personal (LOPD), su normativa de desarrollo, y la LSSICE\" \/>\n<meta property=\"og:url\" content=\"https:\/\/www.barcelonacrystal.com\/eng\/privacidad\/\" \/>\n<meta property=\"og:site_name\" content=\"Fotos en Cristal 3D con Base Luminosa | Barcelona Crystal\" \/>\n<meta property=\"article:publisher\" content=\"https:\/\/www.facebook.com\/barcelonacr1\" \/>\n<meta property=\"article:modified_time\" content=\"2020-06-05T12:42:32+00:00\" \/>\n<meta property=\"og:image\" content=\"https:\/\/www.barcelonacrystal.com\/wp-content\/uploads\/2023\/01\/oki.png\" \/>\n\t<meta property=\"og:image:width\" content=\"223\" \/>\n\t<meta property=\"og:image:height\" content=\"223\" \/>\n\t<meta property=\"og:image:type\" content=\"image\/png\" \/>\n<meta name=\"twitter:card\" content=\"summary_large_image\" \/>\n<meta name=\"twitter:label1\" content=\"Estimated reading time\" \/>\n\t<meta name=\"twitter:data1\" content=\"4 minutes\" \/>\n<script type=\"application\/ld+json\" class=\"yoast-schema-graph\">{\"@context\":\"https:\\\/\\\/schema.org\",\"@graph\":[{\"@type\":\"WebPage\",\"@id\":\"https:\\\/\\\/www.barcelonacrystal.com\\\/eng\\\/privacidad\\\/\",\"url\":\"https:\\\/\\\/www.barcelonacrystal.com\\\/eng\\\/privacidad\\\/\",\"name\":\"POL\u00cdTICA DE PRIVACIDAD\",\"isPartOf\":{\"@id\":\"https:\\\/\\\/www.barcelonacrystal.com\\\/#website\"},\"datePublished\":\"2018-06-27T07:24:34+00:00\",\"dateModified\":\"2020-06-05T12:42:32+00:00\",\"description\":\"De conformidad con lo dispuesto en la Ley Org\u00e1nica 15\\\/1999, de Protecci\u00f3n de Datos de Car\u00e1cter Personal (LOPD), su normativa de desarrollo, y la LSSICE\",\"breadcrumb\":{\"@id\":\"https:\\\/\\\/www.barcelonacrystal.com\\\/eng\\\/privacidad\\\/#breadcrumb\"},\"inLanguage\":\"en-GB\",\"potentialAction\":[{\"@type\":\"ReadAction\",\"target\":[\"https:\\\/\\\/www.barcelonacrystal.com\\\/eng\\\/privacidad\\\/\"]}]},{\"@type\":\"BreadcrumbList\",\"@id\":\"https:\\\/\\\/www.barcelonacrystal.com\\\/eng\\\/privacidad\\\/#breadcrumb\",\"itemListElement\":[{\"@type\":\"ListItem\",\"position\":1,\"name\":\"Portada\",\"item\":\"https:\\\/\\\/www.barcelonacrystal.com\\\/\"},{\"@type\":\"ListItem\",\"position\":2,\"name\":\"POL\u00cdTICA DE PRIVACIDAD\"}]},{\"@type\":\"WebSite\",\"@id\":\"https:\\\/\\\/www.barcelonacrystal.com\\\/#website\",\"url\":\"https:\\\/\\\/www.barcelonacrystal.com\\\/\",\"name\":\"Barcelona Crystal\",\"description\":\"Sorprende con fotos grabadas en cristal 3D que cobran vida con nuestras bases luminosas. Un detalle elegante, eterno y emocionante dise\u00f1ado en Barcelona para brillar siempre.\",\"publisher\":{\"@id\":\"https:\\\/\\\/www.barcelonacrystal.com\\\/#organization\"},\"alternateName\":\"Barcelona Crystal\",\"potentialAction\":[{\"@type\":\"SearchAction\",\"target\":{\"@type\":\"EntryPoint\",\"urlTemplate\":\"https:\\\/\\\/www.barcelonacrystal.com\\\/?s={search_term_string}\"},\"query-input\":{\"@type\":\"PropertyValueSpecification\",\"valueRequired\":true,\"valueName\":\"search_term_string\"}}],\"inLanguage\":\"en-GB\"},{\"@type\":\"Organization\",\"@id\":\"https:\\\/\\\/www.barcelonacrystal.com\\\/#organization\",\"name\":\"Barcelona Crystal\",\"alternateName\":\"Barcelona Crystal\",\"url\":\"https:\\\/\\\/www.barcelonacrystal.com\\\/\",\"logo\":{\"@type\":\"ImageObject\",\"inLanguage\":\"en-GB\",\"@id\":\"https:\\\/\\\/www.barcelonacrystal.com\\\/#\\\/schema\\\/logo\\\/image\\\/\",\"url\":\"https:\\\/\\\/www.barcelonacrystal.com\\\/wp-content\\\/uploads\\\/2024\\\/07\\\/last567.webp\",\"contentUrl\":\"https:\\\/\\\/www.barcelonacrystal.com\\\/wp-content\\\/uploads\\\/2024\\\/07\\\/last567.webp\",\"width\":512,\"height\":512,\"caption\":\"Barcelona Crystal\"},\"image\":{\"@id\":\"https:\\\/\\\/www.barcelonacrystal.com\\\/#\\\/schema\\\/logo\\\/image\\\/\"},\"sameAs\":[\"https:\\\/\\\/www.facebook.com\\\/barcelonacr1\",\"https:\\\/\\\/www.instagram.com\\\/barcelonacrystal\\\/\",\"https:\\\/\\\/www.youtube.com\\\/@barcelonacrystal1054\"]}]}<\/script>\n<!-- \/ Yoast SEO plugin. -->","yoast_head_json":{"title":"PRIVACY POLICY","description":"De conformidad con lo dispuesto en la Ley Org\u00e1nica 15\/1999, de Protecci\u00f3n de Datos de Car\u00e1cter Personal (LOPD), su normativa de desarrollo, y la LSSICE","robots":{"index":"index","follow":"follow","max-snippet":"max-snippet:-1","max-image-preview":"max-image-preview:large","max-video-preview":"max-video-preview:-1"},"canonical":"https:\/\/www.barcelonacrystal.com\/eng\/privacidad\/","og_locale":"en_GB","og_type":"article","og_title":"POL\u00cdTICA DE PRIVACIDAD","og_description":"De conformidad con lo dispuesto en la Ley Org\u00e1nica 15\/1999, de Protecci\u00f3n de Datos de Car\u00e1cter Personal (LOPD), su normativa de desarrollo, y la LSSICE","og_url":"https:\/\/www.barcelonacrystal.com\/eng\/privacidad\/","og_site_name":"Fotos en Cristal 3D con Base Luminosa | Barcelona Crystal","article_publisher":"https:\/\/www.facebook.com\/barcelonacr1","article_modified_time":"2020-06-05T12:42:32+00:00","og_image":[{"width":223,"height":223,"url":"https:\/\/www.barcelonacrystal.com\/wp-content\/uploads\/2023\/01\/oki.png","type":"image\/png"}],"twitter_card":"summary_large_image","twitter_misc":{"Estimated reading time":"4 minutes"},"schema":{"@context":"https:\/\/schema.org","@graph":[{"@type":"WebPage","@id":"https:\/\/www.barcelonacrystal.com\/eng\/privacidad\/","url":"https:\/\/www.barcelonacrystal.com\/eng\/privacidad\/","name":"PRIVACY POLICY","isPartOf":{"@id":"https:\/\/www.barcelonacrystal.com\/#website"},"datePublished":"2018-06-27T07:24:34+00:00","dateModified":"2020-06-05T12:42:32+00:00","description":"De conformidad con lo dispuesto en la Ley Org\u00e1nica 15\/1999, de Protecci\u00f3n de Datos de Car\u00e1cter Personal (LOPD), su normativa de desarrollo, y la LSSICE","breadcrumb":{"@id":"https:\/\/www.barcelonacrystal.com\/eng\/privacidad\/#breadcrumb"},"inLanguage":"en-GB","potentialAction":[{"@type":"ReadAction","target":["https:\/\/www.barcelonacrystal.com\/eng\/privacidad\/"]}]},{"@type":"BreadcrumbList","@id":"https:\/\/www.barcelonacrystal.com\/eng\/privacidad\/#breadcrumb","itemListElement":[{"@type":"ListItem","position":1,"name":"Portada","item":"https:\/\/www.barcelonacrystal.com\/"},{"@type":"ListItem","position":2,"name":"POL\u00cdTICA DE PRIVACIDAD"}]},{"@type":"WebSite","@id":"https:\/\/www.barcelonacrystal.com\/#website","url":"https:\/\/www.barcelonacrystal.com\/","name":"Barcelona Crystal","description":"Sorprende con fotos grabadas en cristal 3D que cobran vida con nuestras bases luminosas. Un detalle elegante, eterno y emocionante dise\u00f1ado en Barcelona para brillar siempre.","publisher":{"@id":"https:\/\/www.barcelonacrystal.com\/#organization"},"alternateName":"Barcelona Crystal","potentialAction":[{"@type":"SearchAction","target":{"@type":"EntryPoint","urlTemplate":"https:\/\/www.barcelonacrystal.com\/?s={search_term_string}"},"query-input":{"@type":"PropertyValueSpecification","valueRequired":true,"valueName":"search_term_string"}}],"inLanguage":"en-GB"},{"@type":"Organization","@id":"https:\/\/www.barcelonacrystal.com\/#organization","name":"Barcelona Crystal","alternateName":"Barcelona Crystal","url":"https:\/\/www.barcelonacrystal.com\/","logo":{"@type":"ImageObject","inLanguage":"en-GB","@id":"https:\/\/www.barcelonacrystal.com\/#\/schema\/logo\/image\/","url":"https:\/\/www.barcelonacrystal.com\/wp-content\/uploads\/2024\/07\/last567.webp","contentUrl":"https:\/\/www.barcelonacrystal.com\/wp-content\/uploads\/2024\/07\/last567.webp","width":512,"height":512,"caption":"Barcelona Crystal"},"image":{"@id":"https:\/\/www.barcelonacrystal.com\/#\/schema\/logo\/image\/"},"sameAs":["https:\/\/www.facebook.com\/barcelonacr1","https:\/\/www.instagram.com\/barcelonacrystal\/","https:\/\/www.youtube.com\/@barcelonacrystal1054"]}]}},"_links":{"self":[{"href":"https:\/\/www.barcelonacrystal.com\/eng\/wp-json\/wp\/v2\/pages\/3","targetHints":{"allow":["GET"]}}],"collection":[{"href":"https:\/\/www.barcelonacrystal.com\/eng\/wp-json\/wp\/v2\/pages"}],"about":[{"href":"https:\/\/www.barcelonacrystal.com\/eng\/wp-json\/wp\/v2\/types\/page"}],"author":[{"embeddable":true,"href":"https:\/\/www.barcelonacrystal.com\/eng\/wp-json\/wp\/v2\/users\/6"}],"replies":[{"embeddable":true,"href":"https:\/\/www.barcelonacrystal.com\/eng\/wp-json\/wp\/v2\/comments?post=3"}],"version-history":[{"count":0,"href":"https:\/\/www.barcelonacrystal.com\/eng\/wp-json\/wp\/v2\/pages\/3\/revisions"}],"wp:attachment":[{"href":"https:\/\/www.barcelonacrystal.com\/eng\/wp-json\/wp\/v2\/media?parent=3"}],"curies":[{"name":"wp","href":"https:\/\/api.w.org\/{rel}","templated":true}]}}