{"id":4586,"date":"2025-10-08T01:53:02","date_gmt":"2025-10-07T23:53:02","guid":{"rendered":"https:\/\/www.barcelonacrystal.com\/?post_type=product&#038;p=4586"},"modified":"2026-03-02T12:28:26","modified_gmt":"2026-03-02T10:28:26","slug":"cubo-pequeno","status":"publish","type":"product","link":"https:\/\/www.barcelonacrystal.com\/eng\/product\/cubo-pequeno\/","title":{"rendered":"SMALL CUBE \u2013 INCLUDES LIGHT BASE"},"content":{"rendered":"<p>Accede a nuestra tienda online de regalos personalizados y dec\u00e1ntate por nuestras fotograf\u00edas en forma de diamante grabadas en cristal 3D. Si deseas hacer un regalo diferente y original en Barcelona para celebrar un momento \u00fanico o un evento especial, Barcelona Crystal tiene la soluci\u00f3n perfecta para ti.<\/p>","protected":false},"excerpt":{"rendered":"<p>All our products include the backlit base and its batteries.<\/p>","protected":false},"featured_media":4587,"template":"","meta":{"_joinchat":[]},"product_brand":[],"product_cat":[45],"product_tag":[],"class_list":{"0":"post-4586","1":"product","2":"type-product","3":"status-publish","4":"has-post-thumbnail","6":"product_cat-fotografia-cubo","7":"product_shipping_class-mrw-bcn-crystal","9":"first","10":"instock","11":"taxable","12":"shipping-taxable","13":"purchasable","14":"product-type-simple"},"yoast_head":"<!-- This site is optimized with the Yoast SEO plugin v27.3 - https:\/\/yoast.com\/product\/yoast-seo-wordpress\/ -->\n<title>Cubo Peque\u00f1o de Cristal con Luz | Regalo Personal Barcelona<\/title>\n<meta name=\"description\" content=\"Cubo Peque\u00f1o de Cristal con base luminosa de Barcelona Crystal. Crea tu regalo personalizado 3D con fotos \u00fanicas. Pide el tuyo hoy mismo.\" \/>\n<meta name=\"robots\" content=\"index, follow, max-snippet:-1, max-image-preview:large, max-video-preview:-1\" \/>\n<link rel=\"canonical\" href=\"https:\/\/www.barcelonacrystal.com\/eng\/product\/cubo-pequeno\/\" \/>\n<meta property=\"og:locale\" content=\"en_GB\" \/>\n<meta property=\"og:type\" content=\"article\" \/>\n<meta property=\"og:title\" content=\"Cubo Peque\u00f1o de Cristal con Luz | Regalo Personal Barcelona\" \/>\n<meta property=\"og:description\" content=\"Cubo Peque\u00f1o de Cristal con base luminosa de Barcelona Crystal. Crea tu regalo personalizado 3D con fotos \u00fanicas. Pide el tuyo hoy mismo.\" \/>\n<meta property=\"og:url\" content=\"https:\/\/www.barcelonacrystal.com\/eng\/product\/cubo-pequeno\/\" \/>\n<meta property=\"og:site_name\" content=\"Fotos en Cristal 3D con Base Luminosa | Barcelona Crystal\" \/>\n<meta property=\"article:publisher\" content=\"https:\/\/www.facebook.com\/barcelonacr1\" \/>\n<meta property=\"article:modified_time\" content=\"2026-03-02T10:28:26+00:00\" \/>\n<meta property=\"og:image\" content=\"https:\/\/www.barcelonacrystal.com\/wp-content\/uploads\/2018\/09\/cubo-1.jpg\" \/>\n\t<meta property=\"og:image:width\" content=\"1417\" \/>\n\t<meta property=\"og:image:height\" content=\"1417\" \/>\n\t<meta property=\"og:image:type\" content=\"image\/jpeg\" \/>\n<meta name=\"twitter:card\" content=\"summary_large_image\" \/>\n<meta name=\"twitter:label1\" content=\"Estimated reading time\" \/>\n\t<meta name=\"twitter:data1\" content=\"1 minute\" \/>\n<script type=\"application\/ld+json\" class=\"yoast-schema-graph\">{\"@context\":\"https:\\\/\\\/schema.org\",\"@graph\":[{\"@type\":\"WebPage\",\"@id\":\"https:\\\/\\\/www.barcelonacrystal.com\\\/producto\\\/cubo-pequeno\\\/\",\"url\":\"https:\\\/\\\/www.barcelonacrystal.com\\\/producto\\\/cubo-pequeno\\\/\",\"name\":\"Cubo Peque\u00f1o de Cristal con Luz | Regalo Personal Barcelona\",\"isPartOf\":{\"@id\":\"https:\\\/\\\/www.barcelonacrystal.com\\\/#website\"},\"primaryImageOfPage\":{\"@id\":\"https:\\\/\\\/www.barcelonacrystal.com\\\/producto\\\/cubo-pequeno\\\/#primaryimage\"},\"image\":{\"@id\":\"https:\\\/\\\/www.barcelonacrystal.com\\\/producto\\\/cubo-pequeno\\\/#primaryimage\"},\"thumbnailUrl\":\"https:\\\/\\\/www.barcelonacrystal.com\\\/wp-content\\\/uploads\\\/2018\\\/09\\\/cubo-1.jpg\",\"datePublished\":\"2025-10-07T23:53:02+00:00\",\"dateModified\":\"2026-03-02T10:28:26+00:00\",\"description\":\"Cubo Peque\u00f1o de Cristal con base luminosa de Barcelona Crystal. Crea tu regalo personalizado 3D con fotos \u00fanicas. Pide el tuyo hoy mismo.\",\"breadcrumb\":{\"@id\":\"https:\\\/\\\/www.barcelonacrystal.com\\\/producto\\\/cubo-pequeno\\\/#breadcrumb\"},\"inLanguage\":\"en-GB\",\"potentialAction\":[{\"@type\":\"ReadAction\",\"target\":[\"https:\\\/\\\/www.barcelonacrystal.com\\\/producto\\\/cubo-pequeno\\\/\"]}]},{\"@type\":\"ImageObject\",\"inLanguage\":\"en-GB\",\"@id\":\"https:\\\/\\\/www.barcelonacrystal.com\\\/producto\\\/cubo-pequeno\\\/#primaryimage\",\"url\":\"https:\\\/\\\/www.barcelonacrystal.com\\\/wp-content\\\/uploads\\\/2018\\\/09\\\/cubo-1.jpg\",\"contentUrl\":\"https:\\\/\\\/www.barcelonacrystal.com\\\/wp-content\\\/uploads\\\/2018\\\/09\\\/cubo-1.jpg\",\"width\":1417,\"height\":1417,\"caption\":\"Cubo Peque\u00f1o de Cristal con base luminosa de Barcelona Crystal.\"},{\"@type\":\"BreadcrumbList\",\"@id\":\"https:\\\/\\\/www.barcelonacrystal.com\\\/producto\\\/cubo-pequeno\\\/#breadcrumb\",\"itemListElement\":[{\"@type\":\"ListItem\",\"position\":1,\"name\":\"Portada\",\"item\":\"https:\\\/\\\/www.barcelonacrystal.com\\\/\"},{\"@type\":\"ListItem\",\"position\":2,\"name\":\"REGALOS DE FOTOS PERSONALIZADAS\",\"item\":\"https:\\\/\\\/www.barcelonacrystal.com\\\/regalos-fotos-personalizadas\\\/\"},{\"@type\":\"ListItem\",\"position\":3,\"name\":\"CUBO PEQUE\u00d1O &#8211; INCLUYE BASE LUMINOSA\"}]},{\"@type\":\"WebSite\",\"@id\":\"https:\\\/\\\/www.barcelonacrystal.com\\\/#website\",\"url\":\"https:\\\/\\\/www.barcelonacrystal.com\\\/\",\"name\":\"Barcelona Crystal\",\"description\":\"Sorprende con fotos grabadas en cristal 3D que cobran vida con nuestras bases luminosas. Un detalle elegante, eterno y emocionante dise\u00f1ado en Barcelona para brillar siempre.\",\"publisher\":{\"@id\":\"https:\\\/\\\/www.barcelonacrystal.com\\\/#organization\"},\"alternateName\":\"Barcelona Crystal\",\"potentialAction\":[{\"@type\":\"SearchAction\",\"target\":{\"@type\":\"EntryPoint\",\"urlTemplate\":\"https:\\\/\\\/www.barcelonacrystal.com\\\/?s={search_term_string}\"},\"query-input\":{\"@type\":\"PropertyValueSpecification\",\"valueRequired\":true,\"valueName\":\"search_term_string\"}}],\"inLanguage\":\"en-GB\"},{\"@type\":\"Organization\",\"@id\":\"https:\\\/\\\/www.barcelonacrystal.com\\\/#organization\",\"name\":\"Barcelona Crystal\",\"alternateName\":\"Barcelona Crystal\",\"url\":\"https:\\\/\\\/www.barcelonacrystal.com\\\/\",\"logo\":{\"@type\":\"ImageObject\",\"inLanguage\":\"en-GB\",\"@id\":\"https:\\\/\\\/www.barcelonacrystal.com\\\/#\\\/schema\\\/logo\\\/image\\\/\",\"url\":\"https:\\\/\\\/www.barcelonacrystal.com\\\/wp-content\\\/uploads\\\/2024\\\/07\\\/last567.webp\",\"contentUrl\":\"https:\\\/\\\/www.barcelonacrystal.com\\\/wp-content\\\/uploads\\\/2024\\\/07\\\/last567.webp\",\"width\":512,\"height\":512,\"caption\":\"Barcelona Crystal\"},\"image\":{\"@id\":\"https:\\\/\\\/www.barcelonacrystal.com\\\/#\\\/schema\\\/logo\\\/image\\\/\"},\"sameAs\":[\"https:\\\/\\\/www.facebook.com\\\/barcelonacr1\",\"https:\\\/\\\/www.instagram.com\\\/barcelonacrystal\\\/\",\"https:\\\/\\\/www.youtube.com\\\/@barcelonacrystal1054\"]}]}<\/script>\n<!-- \/ Yoast SEO plugin. -->","yoast_head_json":{"title":"Cubo Peque\u00f1o de Cristal con Luz | Regalo Personal Barcelona","description":"Cubo Peque\u00f1o de Cristal con base luminosa de Barcelona Crystal. Crea tu regalo personalizado 3D con fotos \u00fanicas. Pide el tuyo hoy mismo.","robots":{"index":"index","follow":"follow","max-snippet":"max-snippet:-1","max-image-preview":"max-image-preview:large","max-video-preview":"max-video-preview:-1"},"canonical":"https:\/\/www.barcelonacrystal.com\/eng\/product\/cubo-pequeno\/","og_locale":"en_GB","og_type":"article","og_title":"Cubo Peque\u00f1o de Cristal con Luz | Regalo Personal Barcelona","og_description":"Cubo Peque\u00f1o de Cristal con base luminosa de Barcelona Crystal. Crea tu regalo personalizado 3D con fotos \u00fanicas. Pide el tuyo hoy mismo.","og_url":"https:\/\/www.barcelonacrystal.com\/eng\/product\/cubo-pequeno\/","og_site_name":"Fotos en Cristal 3D con Base Luminosa | Barcelona Crystal","article_publisher":"https:\/\/www.facebook.com\/barcelonacr1","article_modified_time":"2026-03-02T10:28:26+00:00","og_image":[{"width":1417,"height":1417,"url":"https:\/\/www.barcelonacrystal.com\/wp-content\/uploads\/2018\/09\/cubo-1.jpg","type":"image\/jpeg"}],"twitter_card":"summary_large_image","twitter_misc":{"Estimated reading time":"1 minute"},"schema":{"@context":"https:\/\/schema.org","@graph":[{"@type":"WebPage","@id":"https:\/\/www.barcelonacrystal.com\/producto\/cubo-pequeno\/","url":"https:\/\/www.barcelonacrystal.com\/producto\/cubo-pequeno\/","name":"Cubo Peque\u00f1o de Cristal con Luz | Regalo Personal Barcelona","isPartOf":{"@id":"https:\/\/www.barcelonacrystal.com\/#website"},"primaryImageOfPage":{"@id":"https:\/\/www.barcelonacrystal.com\/producto\/cubo-pequeno\/#primaryimage"},"image":{"@id":"https:\/\/www.barcelonacrystal.com\/producto\/cubo-pequeno\/#primaryimage"},"thumbnailUrl":"https:\/\/www.barcelonacrystal.com\/wp-content\/uploads\/2018\/09\/cubo-1.jpg","datePublished":"2025-10-07T23:53:02+00:00","dateModified":"2026-03-02T10:28:26+00:00","description":"Cubo Peque\u00f1o de Cristal con base luminosa de Barcelona Crystal. Crea tu regalo personalizado 3D con fotos \u00fanicas. Pide el tuyo hoy mismo.","breadcrumb":{"@id":"https:\/\/www.barcelonacrystal.com\/producto\/cubo-pequeno\/#breadcrumb"},"inLanguage":"en-GB","potentialAction":[{"@type":"ReadAction","target":["https:\/\/www.barcelonacrystal.com\/producto\/cubo-pequeno\/"]}]},{"@type":"ImageObject","inLanguage":"en-GB","@id":"https:\/\/www.barcelonacrystal.com\/producto\/cubo-pequeno\/#primaryimage","url":"https:\/\/www.barcelonacrystal.com\/wp-content\/uploads\/2018\/09\/cubo-1.jpg","contentUrl":"https:\/\/www.barcelonacrystal.com\/wp-content\/uploads\/2018\/09\/cubo-1.jpg","width":1417,"height":1417,"caption":"Cubo Peque\u00f1o de Cristal con base luminosa de Barcelona Crystal."},{"@type":"BreadcrumbList","@id":"https:\/\/www.barcelonacrystal.com\/producto\/cubo-pequeno\/#breadcrumb","itemListElement":[{"@type":"ListItem","position":1,"name":"Portada","item":"https:\/\/www.barcelonacrystal.com\/"},{"@type":"ListItem","position":2,"name":"REGALOS DE FOTOS PERSONALIZADAS","item":"https:\/\/www.barcelonacrystal.com\/regalos-fotos-personalizadas\/"},{"@type":"ListItem","position":3,"name":"CUBO PEQUE\u00d1O &#8211; INCLUYE BASE LUMINOSA"}]},{"@type":"WebSite","@id":"https:\/\/www.barcelonacrystal.com\/#website","url":"https:\/\/www.barcelonacrystal.com\/","name":"Barcelona Crystal","description":"Sorprende con fotos grabadas en cristal 3D que cobran vida con nuestras bases luminosas. Un detalle elegante, eterno y emocionante dise\u00f1ado en Barcelona para brillar siempre.","publisher":{"@id":"https:\/\/www.barcelonacrystal.com\/#organization"},"alternateName":"Barcelona Crystal","potentialAction":[{"@type":"SearchAction","target":{"@type":"EntryPoint","urlTemplate":"https:\/\/www.barcelonacrystal.com\/?s={search_term_string}"},"query-input":{"@type":"PropertyValueSpecification","valueRequired":true,"valueName":"search_term_string"}}],"inLanguage":"en-GB"},{"@type":"Organization","@id":"https:\/\/www.barcelonacrystal.com\/#organization","name":"Barcelona Crystal","alternateName":"Barcelona Crystal","url":"https:\/\/www.barcelonacrystal.com\/","logo":{"@type":"ImageObject","inLanguage":"en-GB","@id":"https:\/\/www.barcelonacrystal.com\/#\/schema\/logo\/image\/","url":"https:\/\/www.barcelonacrystal.com\/wp-content\/uploads\/2024\/07\/last567.webp","contentUrl":"https:\/\/www.barcelonacrystal.com\/wp-content\/uploads\/2024\/07\/last567.webp","width":512,"height":512,"caption":"Barcelona Crystal"},"image":{"@id":"https:\/\/www.barcelonacrystal.com\/#\/schema\/logo\/image\/"},"sameAs":["https:\/\/www.facebook.com\/barcelonacr1","https:\/\/www.instagram.com\/barcelonacrystal\/","https:\/\/www.youtube.com\/@barcelonacrystal1054"]}]}},"_links":{"self":[{"href":"https:\/\/www.barcelonacrystal.com\/eng\/wp-json\/wp\/v2\/product\/4586","targetHints":{"allow":["GET"]}}],"collection":[{"href":"https:\/\/www.barcelonacrystal.com\/eng\/wp-json\/wp\/v2\/product"}],"about":[{"href":"https:\/\/www.barcelonacrystal.com\/eng\/wp-json\/wp\/v2\/types\/product"}],"wp:featuredmedia":[{"embeddable":true,"href":"https:\/\/www.barcelonacrystal.com\/eng\/wp-json\/wp\/v2\/media\/4587"}],"wp:attachment":[{"href":"https:\/\/www.barcelonacrystal.com\/eng\/wp-json\/wp\/v2\/media?parent=4586"}],"wp:term":[{"taxonomy":"product_brand","embeddable":true,"href":"https:\/\/www.barcelonacrystal.com\/eng\/wp-json\/wp\/v2\/product_brand?post=4586"},{"taxonomy":"product_cat","embeddable":true,"href":"https:\/\/www.barcelonacrystal.com\/eng\/wp-json\/wp\/v2\/product_cat?post=4586"},{"taxonomy":"product_tag","embeddable":true,"href":"https:\/\/www.barcelonacrystal.com\/eng\/wp-json\/wp\/v2\/product_tag?post=4586"}],"curies":[{"name":"wp","href":"https:\/\/api.w.org\/{rel}","templated":true}]}}